{"id":5473,"date":"2023-04-26T10:28:24","date_gmt":"2023-04-26T03:28:24","guid":{"rendered":"https:\/\/runtogether.net\/?page_id=5473"},"modified":"2023-08-11T19:23:29","modified_gmt":"2023-08-11T12:23:29","slug":"terms-of-use","status":"publish","type":"page","link":"https:\/\/runtogether.net\/vi\/terms-of-use\/","title":{"rendered":"\u0110i\u1ec1u kho\u1ea3n s\u1eed d\u1ee5ng"},"content":{"rendered":"<div data-elementor-type=\"wp-page\" data-elementor-id=\"5473\" class=\"elementor elementor-5473\">\n\t\t\t\t\t\t\t<div class=\"elementor-element elementor-element-004823f e-con-boxed e-flex e-con\" data-id=\"004823f\" data-element_type=\"container\" data-settings=\"{&quot;content_width&quot;:&quot;boxed&quot;}\">\n\t\t\t\t\t<div class=\"e-con-inner\">\n\t\t\t\t<div class=\"elementor-element elementor-element-6115a37 tou-title elementor-widget elementor-widget-heading\" data-id=\"6115a37\" data-element_type=\"widget\" data-widget_type=\"heading.default\">\n\t\t\t\t<div class=\"elementor-widget-container\">\n\t\t\t<style>\/*! elementor - v3.13.2 - 11-05-2023 *\/\n.elementor-heading-title{padding:0;margin:0;line-height:1}.elementor-widget-heading .elementor-heading-title[class*=elementor-size-]>a{color:inherit;font-size:inherit;line-height:inherit}.elementor-widget-heading .elementor-heading-title.elementor-size-small{font-size:15px}.elementor-widget-heading .elementor-heading-title.elementor-size-medium{font-size:19px}.elementor-widget-heading .elementor-heading-title.elementor-size-large{font-size:29px}.elementor-widget-heading .elementor-heading-title.elementor-size-xl{font-size:39px}.elementor-widget-heading .elementor-heading-title.elementor-size-xxl{font-size:59px}<\/style><h2 class=\"elementor-heading-title elementor-size-default\">\u0110I\u1ec0U KHO\u1ea2N S\u1eec D\u1ee4NG<\/h2>\t\t<\/div>\n\t\t\t\t<\/div>\n\t\t\t\t<div class=\"elementor-element elementor-element-e466cef tou-content elementor-widget elementor-widget-text-editor\" data-id=\"e466cef\" data-element_type=\"widget\" data-widget_type=\"text-editor.default\">\n\t\t\t\t<div class=\"elementor-widget-container\">\n\t\t\t<style>\/*! elementor - v3.13.2 - 11-05-2023 *\/\n.elementor-widget-text-editor.elementor-drop-cap-view-stacked .elementor-drop-cap{background-color:#69727d;color:#fff}.elementor-widget-text-editor.elementor-drop-cap-view-framed .elementor-drop-cap{color:#69727d;border:3px solid;background-color:transparent}.elementor-widget-text-editor:not(.elementor-drop-cap-view-default) .elementor-drop-cap{margin-top:8px}.elementor-widget-text-editor:not(.elementor-drop-cap-view-default) .elementor-drop-cap-letter{width:1em;height:1em}.elementor-widget-text-editor .elementor-drop-cap{float:left;text-align:center;line-height:1;font-size:50px}.elementor-widget-text-editor .elementor-drop-cap-letter{display:inline-block}<\/style>\t\t\t\t<h3>1. X\u00c1C NH\u1eacN V\u00c0 \u0110\u1ed2NG \u00dd V\u1edaI C\u00c1C \u0110I\u1ec0U KHO\u1ea2N S\u1eec D\u1ee4NG D\u1ecaCH V\u1ee4<\/h3><p>This website (\u201cwebsite\u201d) is provided in accordance with the Terms of Use and any Regulations, Policies and Procedures that may be issued hereafter relating to the use of the website. Users or accessing information from this website are collectively referred to as \u201cUsers\u201d. By using this website, you agree to these Terms of Use and have the same effect as the signed Agreement.<\/p><h3>2. TH\u00d4NG TIN CHUNG<\/h3><p>Trang web \u0111\u01b0\u1ee3c thi\u1ebft k\u1ebf nh\u1eb1m cung c\u1ea5p cho c\u1ed9ng \u0111\u1ed3ng \u0111\u1ea7u t\u01b0 t\u00e0i ch\u00ednh nh\u1eefng th\u00f4ng tin t\u1ed5ng qu\u00e1t v\u1ec1 l\u0129nh v\u1ef1c ho\u1ea1t \u0111\u1ed9ng c\u1ee7a Run Together. C\u00e1c s\u1ea3n ph\u1ea9m v\u00e0 d\u1ecbch v\u1ee5 n\u00eau t\u1ea1i trang web n\u00e0y do Run Together cung c\u1ea5p, c\u00f3 Tr\u1ee5 s\u1edf t\u1ea1i t\u00f2a nh\u00e0 s\u1ed1 81 Nguy\u1ec5n Hi\u1ec1n, KDC 91B, P. An Kh\u00e1nh, Q. Ninh Ki\u1ec1u, TP. C\u1ea7n Th\u01a1.<\/p><h3>3. GHI CH\u00da QUAN TR\u1eccNG<\/h3><p>C\u00e1c quy\u1ebft \u0111\u1ecbnh \u0111\u01b0\u1ee3c \u0111\u01b0a ra d\u1ef1a tr\u00ean c\u00e1c th\u00f4ng tin \u0111\u01b0\u1ee3c cung c\u1ea5p t\u1ea1i trang web n\u00e0y thu\u1ed9c tr\u00e1ch nhi\u1ec7m ho\u00e0n\nto\u00e0n c\u1ee7a Ng\u01b0\u1eddi d\u00f9ng. Th\u00f4ng tin t\u1ea1i trang web n\u00e0y kh\u00f4ng nh\u1eb1m m\u1ee5c \u0111\u00edch ch\u00e0o m\u1eddi hay l\u00f4i k\u00e9o vi\u1ec7c mua b\u00e1n,\ntham gia \u0111\u1ea7u t\u01b0 b\u1ea5t k\u1ef3 s\u1ea3n ph\u1ea9m, d\u1ecbch v\u1ee5 n\u00e0o.<\/p><h3>4. LI\u00caN K\u1ebeT TR\u00caN TRANG WEB<\/h3><p>Trang web c\u00f3 th\u1ec3 cung c\u1ea5p k\u1ebft n\u1ed1i \u0111\u1ebfn trang web hay t\u00e0i nguy\u00ean m\u1ea1ng c\u1ee7a b\u00ean th\u1ee9 ba. Ng\u01b0\u1eddi d\u00f9ng x\u00e1c nh\u1eadn v\u00e0 \u0111\u1ed3ng \u00fd r\u1eb1ng Run Together kh\u00f4ng ch\u1ecbu tr\u00e1ch nhi\u1ec7m v\u1ec1 vi\u1ec7c k\u1ebft n\u1ed1i \u0111\u00f3 c\u00f3 th\u00e0nh c\u00f4ng hay kh\u00f4ng v\u00e0 kh\u00f4ng b\u1ea3o \u0111\u1ea3m, ch\u1ea5p thu\u1eadn, \u0111i\u1ec1u tra hay \u0111\u1ed1i chi\u1ebfu th\u00f4ng tin hay c\u00e1c t\u00e0i li\u1ec7u kh\u00e1c do trang web cung c\u1ea5p. M\u1ecdi ng\u01b0\u1eddi d\u00f9ng \u0111\u1ed3ng \u00fd r\u1eb1ng Run Together kh\u00f4ng ph\u1ea3i ch\u1ecbu tr\u00e1ch nhi\u1ec7m, tr\u1ef1c ti\u1ebfp ho\u1eb7c gi\u00e1n ti\u1ebfp, v\u1ec1 nh\u1eefng thi\u1ec7t h\u1ea1i hay thua l\u1ed7 g\u00e2y ra b\u1edfi hay \u0111\u01b0\u1ee3c cho l\u00e0 g\u00e2y ra b\u1edfi ho\u1eb7c c\u00f3 li\u00ean h\u1ec7 \u0111\u1ebfn vi\u1ec7c s\u1eed d\u1ee5ng hay m\u1ee9c \u0111\u1ed9 tin c\u1eady c\u1ee7a b\u1ea5t k\u1ef3 th\u00f4ng tin, s\u1ea3n ph\u1ea9m hay d\u1ecbch v\u1ee5 \u0111\u01b0\u1ee3c cung c\u1ea5p b\u1edfi trang web b\u00ean ngo\u00e0i n\u00e0y. C\u00e1c k\u1ebft n\u1ed1i n\u00e0y \u0111\u01b0\u1ee3c cung c\u1ea5p v\u00ec s\u1ef1 ti\u1ec7n l\u1ee3i v\u00e0 ch\u1ec9 \u0111\u1ec3 tham kh\u1ea3o<\/p><h3>5. B\u1ea2N QUY\u1ec0N<\/h3><p>Ng\u01b0\u1eddi d\u00f9ng x\u00e1c nh\u1eadn r\u1eb1ng n\u1ed9i dung, bao g\u1ed3m nh\u01b0ng kh\u00f4ng ch\u1ec9 gi\u1edbi h\u1ea1n \u1edf n\u1ed9i dung v\u0103n b\u1ea3n, ph\u1ea7n m\u1ec1m, \u00e2m thanh, h\u00ecnh \u1ea3nh, video, bi\u1ec3u \u0111\u1ed3 hay c\u00e1c t\u00e0i li\u1ec7u kh\u00e1c \u0111\u01b0\u1ee3c \u0111\u0103ng t\u1ea3i tr\u00ean trang web n\u00e0y (\u201cN\u1ed9i dung\u201d) \u0111\u00e3 \u0111\u01b0\u1ee3c b\u1ea3o h\u1ed9 theo Lu\u1eadt v\u1ec1 b\u1ea3n quy\u1ec1n, Nh\u00e3n hi\u1ec7u th\u01b0\u01a1ng m\u1ea1i, Ph\u00e1t minh s\u00e1ng ch\u1ebf hay c\u00e1c v\u0103n b\u1ea3n ph\u00e1p lu\u1eadt hay Th\u1ecfa thu\u1eadn v\u1ec1 S\u1edf h\u1eefu tr\u00ed tu\u1ec7 kh\u00e1c. Ng\u01b0\u1eddi d\u00f9ng kh\u00f4ng \u0111\u01b0\u1ee3c ph\u00e9p g\u1ee1 b\u1ecf, thay \u0111\u1ed5i hay l\u00e0m sai l\u1ec7ch n\u1ed9i dung c\u00e1c th\u00f4ng b\u00e1o li\u00ean quan \u0111\u1ebfn b\u1ea3n quy\u1ec1n, th\u01b0\u01a1ng hi\u1ec7u, b\u00ed quy\u1ebft kinh doanh hay quy\u1ec1n s\u1edf h\u1eefu tr\u00ed tu\u1ec7 xu\u1ea5t hi\u1ec7n tr\u00ean hay trong trang web n\u00e0y.<\/p><h3>6. AN TO\u00c0N TH\u00d4NG TIN<\/h3><p>T\u1ea5t c\u1ea3 c\u00e1c th\u00f4ng tin truy\u1ec1n d\u1eabn m\u00e0 Ng\u01b0\u1eddi d\u00f9ng g\u1eedi \u0111i th\u00f4ng qua trang web n\u00e0y, bao g\u1ed3m th\u01b0 \u0111i\u1ec7n t\u1eed y\u00eau c\u1ea7u th\u00f4ng tin, \u0111\u01b0\u1ee3c g\u1eedi th\u00f4ng qua m\u1ea1ng Internet c\u00f4ng c\u1ed9ng \u0111\u01b0\u1ee3c cho l\u00e0 kh\u00f4ng an to\u00e0n. M\u1ed9t s\u1ed1 th\u00f4ng tin truy\u1ec1n d\u1eabn kh\u00e1c c\u00f3 th\u1ec3 \u0111\u01b0\u1ee3c b\u1ea3o v\u1ec7 nh\u1edd c\u00f4ng ngh\u1ec7 m\u00e3 h\u00f3a v\u00e0 c\u00e1c th\u00f4ng tin truy\u1ec1n d\u1eabn \u0111\u00f3 s\u1ebd hi\u1ec3n th\u1ecb l\u1eddi nh\u1eafc. Ngo\u00e0i ra, t\u1ea5t c\u1ea3 c\u00e1c th\u00f4ng tin truy\u1ec1n d\u1eabn kh\u00e1c l\u00e0 kh\u00f4ng an to\u00e0n.<\/p><h3>7. S\u1eecA \u0110\u1ed4I QUY T\u1eaeC<\/h3><p>The Terms of Use may be amended from time to time without prior notice. When there is an amendment, the updated content will be posted on the website. The revised Terms of Use will automatically take effect immediately when this content is updated on the website<\/p><h3>8. THAY \u0110\u1ed4I, NG\u1eeaNG HO\u1ea0T \u0110\u1ed8NG TRANG WEB<\/h3><p>Run Together reserves the right to change or discontinue providing part or all of the content of this website, temporarily or permanently, with or without prior notice to the User, and without obligation to assist or update the website update. The User acknowledges and agrees that Run Together shall not be liable to the User or a third party in the event that the Company decides to modify, stop providing part or all of or not update the website content.<\/p><h3>9. GI\u1edaI H\u1ea0N TR\u00c1CH NHI\u1ec6M<\/h3><p>This website is built on the basis of \u201ctrue as posted content\u201d. Run Together makes no warranties of any kind, whether express or implied, including but not limited to those relating to information, services or products offered, offered for sale on or through connection to the Run Together website or any implied warranty of merchantability, merchantability, or fitness for a particular purpose, or the absence of any breach.<br \/>Run Together, \u0111\u1ed1i t\u00e1c hay nh\u00e0 cung c\u1ea5p c\u1ee7a Run Together kh\u00f4ng ph\u1ea3i ch\u1ecbu tr\u00e1ch nhi\u1ec7m trong b\u1ea5t k\u1ef3 tr\u01b0\u1eddng h\u1ee3p n\u00e0o v\u1ec1 nh\u1eefng thi\u1ec7t h\u1ea1i tr\u1ef1c ti\u1ebfp, gi\u00e1n ti\u1ebfp, do b\u1ecb x\u1eed ph\u1ea1t, do ng\u1eabu nhi\u00ean, do m\u1ed9t t\u00ecnh hu\u1ed1ng c\u1ee5 th\u1ec3 hay mang t\u00ednh h\u1ec7 qu\u1ea3 n\u00e0o ph\u00e1t sinh t\u1eeb, ho\u1eb7c do li\u00ean h\u1ec7 theo m\u1ed9t c\u00e1ch n\u00e0o \u0111\u00f3 v\u1edbi vi\u1ec7c s\u1eed d\u1ee5ng trang web c\u1ee7a Run Together ho\u1eb7c v\u1edbi vi\u1ec7c b\u1ecb gi\u00e1n \u0111o\u1ea1n ho\u1eb7c kh\u00f4ng s\u1eed d\u1ee5ng \u0111\u01b0\u1ee3c trang web c\u1ee7a Run Together hay ch\u1ecbu tr\u00e1ch nhi\u1ec7m v\u1ec1 b\u1ea5t k\u1ef3 th\u00f4ng tin n\u00e0o (bao g\u1ed3m c\u1ea3 th\u00f4ng tin v\u1ec1 doanh nghi\u1ec7p), ph\u1ea7n m\u1ec1m, s\u1ea3n ph\u1ea9m v\u00e0 d\u1ecbch v\u1ee5 nh\u1eadn \u0111\u01b0\u1ee3c qua, hay xu\u1ea5t ph\u00e1t t\u1eeb vi\u1ec7c s\u1eed d\u1ee5ng trang web c\u1ee7a Run Together cho d\u00f9 c\u00f3 d\u1ef1a tr\u00ean h\u1ee3p \u0111\u1ed3ng hay ngo\u00e0i h\u1ee3p \u0111\u1ed3ng, do ngh\u0129a v\u1ee5 theo ph\u00e1p lu\u1eadt, hay nh\u1eefng nguy\u00ean nh\u00e2n kh\u00e1c, ngay c\u1ea3 khi Run Together ho\u1eb7c \u0111\u1ed1i t\u00e1c hay ng\u01b0\u1eddi cung c\u1ea5p \u0111\u00e3 \u0111\u01b0\u1ee3c t\u01b0 v\u1ea5n v\u1ec1 kh\u1ea3 n\u0103ng x\u1ea3y ra nh\u1eefng thi\u1ec7t h\u1ea1i n\u00e0y.<br \/>This disclaimer applies to all damages or losses caused by any failure, fault, non-performance, interruption, deletion, defect, interruption during operation or transmission, due to computer virus, line failure, theft or vandalism, or unauthorized access, unauthorized modification or unauthorized use of records, whether whether it is due to breach of contract or out of contract, unintentionally or due to any other cause.<\/p><h3>10. \u0110I\u1ec0U KHO\u1ea2N CHUNG<\/h3><p>Trong tr\u01b0\u1eddng h\u1ee3p b\u1ea5t k\u1ef3 m\u1ed9t \u0111i\u1ec1u kho\u1ea3n n\u00e0o \u0111\u00f3, m\u1ed9t ph\u1ea7n hay to\u00e0n b\u1ed9, \u0111\u01b0\u1ee3c x\u00e1c \u0111\u1ecbnh l\u00e0 kh\u00f4ng c\u00f3 gi\u00e1 tr\u1ecb, kh\u00f4ng c\u00f3 hi\u1ec7u l\u1ef1c thi h\u00e0nh hay v\u00f4 hi\u1ec7u h\u00f3a v\u00ec l\u00fd do n\u00e0o \u0111\u00f3, th\u00ec ch\u1ec9 \u0110i\u1ec1u kho\u1ea3n \u0111\u00f3 b\u1ecb t\u00e1c \u0111\u1ed9ng, kh\u00f4ng \u1ea3nh h\u01b0\u1edfng \u0111\u1ebfn c\u00e1c \u0111i\u1ec1u kho\u1ea3n c\u00f2n l\u1ea1i c\u1ee7a b\u1ed9 \u0110i\u1ec1u kho\u1ea3n s\u1eed d\u1ee5ng<br \/>Run Together and the User agree to authorize a court or arbitrator to replace such invalid, unenforceable or voidable Terms with similarly enforceable Terms. Run Together\u2019s failure to prosecute a User for a one-time breach of liability does not mean that Run Together waives the right of recourse for similar incidents in the future.<\/p>\t\t\t\t\t\t<\/div>\n\t\t\t\t<\/div>\n\t\t\t\t\t<\/div>\n\t\t\t\t<\/div>\n\t\t\t\t\t\t\t<\/div>","protected":false},"excerpt":{"rendered":"<p>TERMS OF USE 1. CONFIRM AND AGREE TO THE SERVICE TERMS OF USE This website (\u201cwebsite\u201d) is provided in accordance with the Terms of Use and any Regulations, Policies and Procedures that may be issued hereafter relating to the use of the website. Users or accessing information from this website are collectively referred to as &hellip;<\/p>\n<p class=\"read-more\"> <a class=\"\" href=\"https:\/\/runtogether.net\/vi\/terms-of-use\/\"> <span class=\"screen-reader-text\">\u0110i\u1ec1u kho\u1ea3n s\u1eed d\u1ee5ng<\/span> Read More &raquo;<\/a><\/p>","protected":false},"author":1,"featured_media":0,"parent":0,"menu_order":0,"comment_status":"closed","ping_status":"closed","template":"","meta":{"site-sidebar-layout":"no-sidebar","site-content-layout":"page-builder","ast-global-header-display":"","ast-banner-title-visibility":"","ast-main-header-display":"","ast-hfb-above-header-display":"","ast-hfb-below-header-display":"","ast-hfb-mobile-header-display":"","site-post-title":"disabled","ast-breadcrumbs-content":"","ast-featured-img":"disabled","footer-sml-layout":"","theme-transparent-header-meta":"default","adv-header-id-meta":"","stick-header-meta":"","header-above-stick-meta":"","header-main-stick-meta":"","header-below-stick-meta":"","footnotes":""},"class_list":["post-5473","page","type-page","status-publish","hentry"],"yoast_head":"<!-- This site is optimized with the Yoast SEO Premium plugin v18.2.1 (Yoast SEO v24.9) - https:\/\/yoast.com\/wordpress\/plugins\/seo\/ -->\n<title>Terms of use - Runtogether<\/title>\n<meta name=\"robots\" content=\"index, follow, max-snippet:-1, max-image-preview:large, max-video-preview:-1\" \/>\n<link rel=\"canonical\" href=\"https:\/\/runtogether.net\/vi\/terms-of-use\/\" \/>\n<meta property=\"og:locale\" content=\"vi_VN\" \/>\n<meta property=\"og:type\" content=\"article\" \/>\n<meta property=\"og:title\" content=\"Terms of use\" \/>\n<meta property=\"og:description\" content=\"TERMS OF USE 1. CONFIRM AND AGREE TO THE SERVICE TERMS OF USE This website (\u201cwebsite\u201d) is provided in accordance with the Terms of Use and any Regulations, Policies and Procedures that may be issued hereafter relating to the use of the website. Users or accessing information from this website are collectively referred to as &hellip; Terms of use Read More &raquo;\" \/>\n<meta property=\"og:url\" content=\"https:\/\/runtogether.net\/vi\/terms-of-use\/\" \/>\n<meta property=\"og:site_name\" content=\"Runtogether\" \/>\n<meta property=\"article:modified_time\" content=\"2023-08-11T12:23:29+00:00\" \/>\n<meta name=\"twitter:card\" content=\"summary_large_image\" \/>\n<meta name=\"twitter:label1\" content=\"\u01af\u1edbc t\u00ednh th\u1eddi gian \u0111\u1ecdc\" \/>\n\t<meta name=\"twitter:data1\" content=\"4 ph\u00fat\" \/>\n<script type=\"application\/ld+json\" class=\"yoast-schema-graph\">{\"@context\":\"https:\/\/schema.org\",\"@graph\":[{\"@type\":\"WebPage\",\"@id\":\"https:\/\/runtogether.net\/terms-of-use\/\",\"url\":\"https:\/\/runtogether.net\/terms-of-use\/\",\"name\":\"Terms of use - Runtogether\",\"isPartOf\":{\"@id\":\"https:\/\/runtogether.net\/#website\"},\"datePublished\":\"2023-04-26T03:28:24+00:00\",\"dateModified\":\"2023-08-11T12:23:29+00:00\",\"breadcrumb\":{\"@id\":\"https:\/\/runtogether.net\/terms-of-use\/#breadcrumb\"},\"inLanguage\":\"vi\",\"potentialAction\":[{\"@type\":\"ReadAction\",\"target\":[\"https:\/\/runtogether.net\/terms-of-use\/\"]}]},{\"@type\":\"BreadcrumbList\",\"@id\":\"https:\/\/runtogether.net\/terms-of-use\/#breadcrumb\",\"itemListElement\":[{\"@type\":\"ListItem\",\"position\":1,\"name\":\"Home\",\"item\":\"https:\/\/runtogether.net\/\"},{\"@type\":\"ListItem\",\"position\":2,\"name\":\"Terms of use\"}]},{\"@type\":\"WebSite\",\"@id\":\"https:\/\/runtogether.net\/#website\",\"url\":\"https:\/\/runtogether.net\/\",\"name\":\"Runtogether\",\"description\":\"\",\"publisher\":{\"@id\":\"https:\/\/runtogether.net\/#organization\"},\"potentialAction\":[{\"@type\":\"SearchAction\",\"target\":{\"@type\":\"EntryPoint\",\"urlTemplate\":\"https:\/\/runtogether.net\/?s={search_term_string}\"},\"query-input\":{\"@type\":\"PropertyValueSpecification\",\"valueRequired\":true,\"valueName\":\"search_term_string\"}}],\"inLanguage\":\"vi\"},{\"@type\":\"Organization\",\"@id\":\"https:\/\/runtogether.net\/#organization\",\"name\":\"Runtogether\",\"url\":\"https:\/\/runtogether.net\/\",\"logo\":{\"@type\":\"ImageObject\",\"inLanguage\":\"vi\",\"@id\":\"https:\/\/runtogether.net\/#\/schema\/logo\/image\/\",\"url\":\"https:\/\/runtogether.net\/wp-content\/uploads\/2022\/07\/header-logo.svg\",\"contentUrl\":\"https:\/\/runtogether.net\/wp-content\/uploads\/2022\/07\/header-logo.svg\",\"width\":96,\"height\":58,\"caption\":\"Runtogether\"},\"image\":{\"@id\":\"https:\/\/runtogether.net\/#\/schema\/logo\/image\/\"}}]}<\/script>\n<!-- \/ Yoast SEO Premium plugin. -->","yoast_head_json":{"title":"Terms of use - Runtogether","robots":{"index":"index","follow":"follow","max-snippet":"max-snippet:-1","max-image-preview":"max-image-preview:large","max-video-preview":"max-video-preview:-1"},"canonical":"https:\/\/runtogether.net\/vi\/terms-of-use\/","og_locale":"vi_VN","og_type":"article","og_title":"Terms of use","og_description":"TERMS OF USE 1. CONFIRM AND AGREE TO THE SERVICE TERMS OF USE This website (\u201cwebsite\u201d) is provided in accordance with the Terms of Use and any Regulations, Policies and Procedures that may be issued hereafter relating to the use of the website. Users or accessing information from this website are collectively referred to as &hellip; Terms of use Read More &raquo;","og_url":"https:\/\/runtogether.net\/vi\/terms-of-use\/","og_site_name":"Runtogether","article_modified_time":"2023-08-11T12:23:29+00:00","twitter_card":"summary_large_image","twitter_misc":{"\u01af\u1edbc t\u00ednh th\u1eddi gian \u0111\u1ecdc":"4 ph\u00fat"},"schema":{"@context":"https:\/\/schema.org","@graph":[{"@type":"WebPage","@id":"https:\/\/runtogether.net\/terms-of-use\/","url":"https:\/\/runtogether.net\/terms-of-use\/","name":"Terms of use - Runtogether","isPartOf":{"@id":"https:\/\/runtogether.net\/#website"},"datePublished":"2023-04-26T03:28:24+00:00","dateModified":"2023-08-11T12:23:29+00:00","breadcrumb":{"@id":"https:\/\/runtogether.net\/terms-of-use\/#breadcrumb"},"inLanguage":"vi","potentialAction":[{"@type":"ReadAction","target":["https:\/\/runtogether.net\/terms-of-use\/"]}]},{"@type":"BreadcrumbList","@id":"https:\/\/runtogether.net\/terms-of-use\/#breadcrumb","itemListElement":[{"@type":"ListItem","position":1,"name":"Home","item":"https:\/\/runtogether.net\/"},{"@type":"ListItem","position":2,"name":"Terms of use"}]},{"@type":"WebSite","@id":"https:\/\/runtogether.net\/#website","url":"https:\/\/runtogether.net\/","name":"Runtogether","description":"","publisher":{"@id":"https:\/\/runtogether.net\/#organization"},"potentialAction":[{"@type":"SearchAction","target":{"@type":"EntryPoint","urlTemplate":"https:\/\/runtogether.net\/?s={search_term_string}"},"query-input":{"@type":"PropertyValueSpecification","valueRequired":true,"valueName":"search_term_string"}}],"inLanguage":"vi"},{"@type":"Organization","@id":"https:\/\/runtogether.net\/#organization","name":"Runtogether","url":"https:\/\/runtogether.net\/","logo":{"@type":"ImageObject","inLanguage":"vi","@id":"https:\/\/runtogether.net\/#\/schema\/logo\/image\/","url":"https:\/\/runtogether.net\/wp-content\/uploads\/2022\/07\/header-logo.svg","contentUrl":"https:\/\/runtogether.net\/wp-content\/uploads\/2022\/07\/header-logo.svg","width":96,"height":58,"caption":"Runtogether"},"image":{"@id":"https:\/\/runtogether.net\/#\/schema\/logo\/image\/"}}]}},"_links":{"self":[{"href":"https:\/\/runtogether.net\/vi\/wp-json\/wp\/v2\/pages\/5473","targetHints":{"allow":["GET"]}}],"collection":[{"href":"https:\/\/runtogether.net\/vi\/wp-json\/wp\/v2\/pages"}],"about":[{"href":"https:\/\/runtogether.net\/vi\/wp-json\/wp\/v2\/types\/page"}],"author":[{"embeddable":true,"href":"https:\/\/runtogether.net\/vi\/wp-json\/wp\/v2\/users\/1"}],"replies":[{"embeddable":true,"href":"https:\/\/runtogether.net\/vi\/wp-json\/wp\/v2\/comments?post=5473"}],"version-history":[{"count":15,"href":"https:\/\/runtogether.net\/vi\/wp-json\/wp\/v2\/pages\/5473\/revisions"}],"predecessor-version":[{"id":6021,"href":"https:\/\/runtogether.net\/vi\/wp-json\/wp\/v2\/pages\/5473\/revisions\/6021"}],"wp:attachment":[{"href":"https:\/\/runtogether.net\/vi\/wp-json\/wp\/v2\/media?parent=5473"}],"curies":[{"name":"wp","href":"https:\/\/api.w.org\/{rel}","templated":true}]}}